{"id":13,"date":"2024-10-22T15:03:57","date_gmt":"2024-10-22T13:03:57","guid":{"rendered":"https:\/\/bonitabdo.pl\/?page_id=13"},"modified":"2024-10-28T08:57:02","modified_gmt":"2024-10-28T07:57:02","slug":"strona-glowna","status":"publish","type":"page","link":"https:\/\/bonitabdo.pl\/","title":{"rendered":"Strona g\u0142\u00f3wna"},"content":{"rendered":"\n<div class=\"wp-block-cover alignfull is-light hestia-clear-top-padding\"><span aria-hidden=\"true\" class=\"wp-block-cover__background has-white-background-color has-background-dim-100 has-background-dim\"><\/span><div class=\"wp-block-cover__inner-container is-layout-flow wp-block-cover-is-layout-flow\">\n<h2 class=\"wp-block-heading has-text-align-center has-text-color\" style=\"color:#3c4858\"><\/h2>\n\n\n\n<div style=\"height:40px\" aria-hidden=\"true\" class=\"wp-block-spacer\"><\/div>\n\n\n\n<div class=\"wp-block-columns container is-layout-flex wp-container-core-columns-is-layout-28f84493 wp-block-columns-is-layout-flex\">\n<div class=\"wp-block-column is-layout-flow wp-block-column-is-layout-flow\"><div class=\"wp-block-image\">\n<figure class=\"aligncenter size-thumbnail\"><img loading=\"lazy\" decoding=\"async\" width=\"150\" height=\"150\" src=\"https:\/\/bonitabdo.pl\/wp-content\/uploads\/2024\/10\/cropped-BONITA-LOGO-150x150.png\" alt=\"\" class=\"wp-image-43\" style=\"aspect-ratio:1;object-fit:cover\"\/><\/figure>\n<\/div>\n\n\n<h5 class=\"wp-block-heading has-text-align-center has-text-color\" style=\"color:#3c4858;font-size:18px\">Doradztwo w zakresie gospodarki odpadami<\/h5>\n\n\n\n<p class=\"has-text-align-center has-text-color\" style=\"color:#999999;font-size:14px\"><strong>decyzje \u015brodowiskowe, polityka ochrony \u015brodowiska, porady prawne, reprezentowanie firmy przed organami administracji publicznej, audyt \u015brodowiskowy<\/strong><\/p>\n\n\n\n<div style=\"height:25px\" aria-hidden=\"true\" class=\"wp-block-spacer\"><\/div>\n<\/div>\n\n\n\n<div class=\"wp-block-column is-layout-flow wp-block-column-is-layout-flow\"><div class=\"wp-block-image\">\n<figure class=\"aligncenter size-thumbnail\"><img loading=\"lazy\" decoding=\"async\" width=\"150\" height=\"150\" src=\"https:\/\/bonitabdo.pl\/wp-content\/uploads\/2024\/10\/cropped-BONITA-LOGO-150x150.png\" alt=\"\" class=\"wp-image-43\" style=\"aspect-ratio:1;object-fit:cover\"\/><\/figure>\n<\/div>\n\n\n<h5 class=\"wp-block-heading has-text-align-center has-text-color\" style=\"color:#3c4858;font-size:18px\">Ocena oddzia\u0142ywania na \u015brodowisko<\/h5>\n\n\n\n<p class=\"has-text-align-center has-text-color\" style=\"color:#999999;font-size:14px\"><strong>Przeprowadzamy kompleksowe analizy i oceny oddzia\u0142ywania r\u00f3\u017cnych przedsi\u0119wzi\u0119\u0107, projekt\u00f3w lub dzia\u0142alno\u015bci gospodarczych na \u015brodowisko naturalne, zgodnie z obowi\u0105zuj\u0105cymi przepisami i standardami.<\/strong><\/p>\n\n\n\n<div style=\"height:25px\" aria-hidden=\"true\" class=\"wp-block-spacer\"><\/div>\n<\/div>\n\n\n\n<div class=\"wp-block-column is-layout-flow wp-block-column-is-layout-flow\"><div class=\"wp-block-image\">\n<figure class=\"aligncenter size-thumbnail\"><img loading=\"lazy\" decoding=\"async\" width=\"150\" height=\"150\" src=\"https:\/\/bonitabdo.pl\/wp-content\/uploads\/2024\/10\/cropped-BONITA-LOGO-150x150.png\" alt=\"\" class=\"wp-image-43\" style=\"aspect-ratio:1;object-fit:cover\"\/><\/figure>\n<\/div>\n\n\n<h5 class=\"wp-block-heading has-text-align-center has-text-color\" style=\"color:#3c4858;font-size:18px\">Planowanie i zarz\u0105dzanie \u015brodowiskiem<\/h5>\n\n\n\n<p class=\"has-text-align-center has-text-color\" style=\"color:#999999;font-size:14px\"><strong>Pomagamy naszym klientom w opracowywaniu strategii, plan\u00f3w i polityk dotycz\u0105cych ochrony \u015brodowiska oraz w wdra\u017caniu skutecznych system\u00f3w zarz\u0105dzania \u015brodowiskiem.<\/strong><\/p>\n\n\n\n<div style=\"height:25px\" aria-hidden=\"true\" class=\"wp-block-spacer\"><\/div>\n<\/div>\n<\/div>\n\n\n\n<div style=\"height:40px\" aria-hidden=\"true\" class=\"wp-block-spacer\"><\/div>\n<\/div><\/div>\n\n\n\n<div class=\"wp-block-cover alignfull is-light hestia-clear-top-padding\"><span aria-hidden=\"true\" class=\"wp-block-cover__background has-white-background-color has-background-dim-100 has-background-dim\"><\/span><div class=\"wp-block-cover__inner-container is-layout-flow wp-block-cover-is-layout-flow\">\n<h2 class=\"wp-block-heading has-text-align-center has-text-color\" style=\"color:#3c4858\"><\/h2>\n\n\n\n<div style=\"height:40px\" aria-hidden=\"true\" class=\"wp-block-spacer\"><\/div>\n\n\n\n<div class=\"wp-block-columns container is-layout-flex wp-container-core-columns-is-layout-28f84493 wp-block-columns-is-layout-flex\">\n<div class=\"wp-block-column is-layout-flow wp-block-column-is-layout-flow\"><div class=\"wp-block-image\">\n<figure class=\"aligncenter size-thumbnail\"><img loading=\"lazy\" decoding=\"async\" width=\"150\" height=\"150\" src=\"https:\/\/bonitabdo.pl\/wp-content\/uploads\/2024\/10\/cropped-BONITA-LOGO-150x150.png\" alt=\"\" class=\"wp-image-43\" style=\"aspect-ratio:1;object-fit:cover\"\/><\/figure>\n<\/div>\n\n\n<h5 class=\"wp-block-heading has-text-align-center has-text-color\" style=\"color:#3c4858;font-size:18px\">Konsulting i doradztwo<\/h5>\n\n\n\n<p class=\"has-text-align-center has-text-color\" style=\"color:#999999;font-size:14px\"><strong>Udzielamy fachowej pomocy i doradztwa naszym klientom w kwestiach zwi\u0105zanych z przestrzeganiem przepis\u00f3w \u015brodowiskowych, minimalizacj\u0105 ryzyka \u015brodowiskowego oraz identyfikacj\u0105 i wdra\u017caniem najlepszych praktyk.<\/strong><\/p>\n\n\n\n<div style=\"height:25px\" aria-hidden=\"true\" class=\"wp-block-spacer\"><\/div>\n<\/div>\n\n\n\n<div class=\"wp-block-column is-layout-flow wp-block-column-is-layout-flow\"><div class=\"wp-block-image\">\n<figure class=\"aligncenter size-thumbnail\"><img loading=\"lazy\" decoding=\"async\" width=\"150\" height=\"150\" src=\"https:\/\/bonitabdo.pl\/wp-content\/uploads\/2024\/10\/cropped-BONITA-LOGO-150x150.png\" alt=\"\" class=\"wp-image-43\" style=\"aspect-ratio:1;object-fit:cover\"\/><\/figure>\n<\/div>\n\n\n<h5 class=\"wp-block-heading has-text-align-center has-text-color\" style=\"color:#3c4858;font-size:18px\">Badania i monitorowanie \u015brodowiska<\/h5>\n\n\n\n<p class=\"has-text-align-center has-text-color\" style=\"color:#999999;font-size:14px\"><strong>Przeprowadzamy badania terenowe, zbieramy pr\u00f3bki i analizujemy parametry \u015brodowiskowe.<\/strong><\/p>\n\n\n\n<div style=\"height:25px\" aria-hidden=\"true\" class=\"wp-block-spacer\"><\/div>\n<\/div>\n\n\n\n<div class=\"wp-block-column is-layout-flow wp-block-column-is-layout-flow\"><div class=\"wp-block-image\">\n<figure class=\"aligncenter size-thumbnail\"><img loading=\"lazy\" decoding=\"async\" width=\"150\" height=\"150\" src=\"https:\/\/bonitabdo.pl\/wp-content\/uploads\/2024\/10\/cropped-BONITA-LOGO-150x150.png\" alt=\"\" class=\"wp-image-43\" style=\"aspect-ratio:1;object-fit:cover\"\/><\/figure>\n<\/div>\n\n\n<h5 class=\"wp-block-heading has-text-align-center has-text-color\" style=\"color:#3c4858;font-size:18px\">Szkolenie i edukacja<\/h5>\n\n\n\n<p class=\"has-text-align-center has-text-color\" style=\"color:#999999;font-size:14px\"><strong>Organizujemy szkolenia, warsztaty i kampanie edukacyjne, aby podnie\u015b\u0107 \u015bwiadomo\u015b\u0107 spo\u0142ecze\u0144stwa na temat ochrony \u015brodowiska i promowa\u0107 proekologiczne zachowania.<\/strong><\/p>\n\n\n\n<div style=\"height:25px\" aria-hidden=\"true\" class=\"wp-block-spacer\"><\/div>\n<\/div>\n<\/div>\n\n\n\n<div style=\"height:40px\" aria-hidden=\"true\" class=\"wp-block-spacer\"><\/div>\n<\/div><\/div>\n\n\n\n<div class=\"wp-block-columns container is-layout-flex wp-container-core-columns-is-layout-28f84493 wp-block-columns-is-layout-flex\">\n<div class=\"wp-block-column col-md-5 is-layout-flow wp-block-column-is-layout-flow\">\n<div style=\"height:55px\" aria-hidden=\"true\" class=\"wp-block-spacer\"><\/div>\n\n\n\n<h2 class=\"wp-block-heading\">O NAS<\/h2>\n\n\n\n<p><strong>Firma Bonita posiada ponad 20 letnie do\u015bwiadczenie w zakresie gospodarki odpadami i ochronie \u015brodowiska.<\/strong><\/p>\n\n\n\n<p><strong>Oferta firmy obejmuje kompleksow\u0105 obs\u0142ug\u0119 w zakresie ochrony \u015brodowiska,&nbsp;planowania zr\u00f3wnowa\u017conego rozwoju w \u0142a\u0144cuchu dostawc\u00f3w dla firm (ESG), obs\u0142ug\u0119&nbsp;baz danych odpad\u00f3w (BDO), koordynacj\u0119 z Krajowym O\u015brodkiem Bilansowania i Zarz\u0105dzania Emisjami (KOBiZE),&nbsp; oraz za\u0142atwianie niezb\u0119dnych pozwole\u0144 zwi\u0105zanych z gospodark\u0105 odpadami oraz emisjami.<\/strong><\/p>\n\n\n\n<p><strong>Dzi\u0119ki naszemu wieloletniemu do\u015bwiadczeniu i profesjonalizmowi zapewniamy kompleksow\u0105 opiek\u0119 nad firm\u0105, pomagaj\u0105c naszym klientom w spe\u0142nianiu wymog\u00f3w regulacyjnych i osi\u0105ganiu cel\u00f3w zr\u00f3wnowa\u017conego rozwoju.<\/strong><\/p>\n<\/div>\n\n\n\n<div class=\"wp-block-column col-md-6 col-md-offset1 is-layout-flow wp-block-column-is-layout-flow\">\n<div style=\"height:55px\" aria-hidden=\"true\" class=\"wp-block-spacer\"><\/div>\n\n\n\n<figure class=\"wp-block-image size-full\"><img loading=\"lazy\" decoding=\"async\" width=\"500\" height=\"500\" src=\"https:\/\/bonitabdo.pl\/wp-content\/uploads\/2024\/10\/BONITA-LOGO.png\" alt=\"\" class=\"wp-image-38\" srcset=\"https:\/\/bonitabdo.pl\/wp-content\/uploads\/2024\/10\/BONITA-LOGO.png 500w, https:\/\/bonitabdo.pl\/wp-content\/uploads\/2024\/10\/BONITA-LOGO-300x300.png 300w, https:\/\/bonitabdo.pl\/wp-content\/uploads\/2024\/10\/BONITA-LOGO-150x150.png 150w\" sizes=\"auto, (max-width: 500px) 100vw, 500px\" \/><\/figure>\n\n\n\n<p><\/p>\n<\/div>\n<\/div>\n\n\n\n<p><\/p>\n","protected":false},"excerpt":{"rendered":"<p>O NAS Firma Bonita posiada ponad 20 letnie do\u015bwiadczenie w zakresie gospodarki odpadami i ochronie \u015brodowiska. Oferta firmy obejmuje kompleksow\u0105 obs\u0142ug\u0119 w zakresie ochrony \u015brodowiska,&nbsp;planowania zr\u00f3wnowa\u017conego rozwoju w \u0142a\u0144cuchu dostawc\u00f3w dla firm (ESG), obs\u0142ug\u0119&nbsp;baz danych odpad\u00f3w (BDO), koordynacj\u0119 z Krajowym O\u015brodkiem Bilansowania i Zarz\u0105dzania Emisjami (KOBiZE),&nbsp; oraz za\u0142atwianie niezb\u0119dnych pozwole\u0144 [&hellip;]<\/p>\n","protected":false},"author":1,"featured_media":0,"parent":0,"menu_order":0,"comment_status":"closed","ping_status":"closed","template":"","meta":{"_themeisle_gutenberg_block_has_review":false,"footnotes":""},"class_list":["post-13","page","type-page","status-publish","hentry"],"_links":{"self":[{"href":"https:\/\/bonitabdo.pl\/index.php?rest_route=\/wp\/v2\/pages\/13","targetHints":{"allow":["GET"]}}],"collection":[{"href":"https:\/\/bonitabdo.pl\/index.php?rest_route=\/wp\/v2\/pages"}],"about":[{"href":"https:\/\/bonitabdo.pl\/index.php?rest_route=\/wp\/v2\/types\/page"}],"author":[{"embeddable":true,"href":"https:\/\/bonitabdo.pl\/index.php?rest_route=\/wp\/v2\/users\/1"}],"replies":[{"embeddable":true,"href":"https:\/\/bonitabdo.pl\/index.php?rest_route=%2Fwp%2Fv2%2Fcomments&post=13"}],"version-history":[{"count":8,"href":"https:\/\/bonitabdo.pl\/index.php?rest_route=\/wp\/v2\/pages\/13\/revisions"}],"predecessor-version":[{"id":79,"href":"https:\/\/bonitabdo.pl\/index.php?rest_route=\/wp\/v2\/pages\/13\/revisions\/79"}],"wp:attachment":[{"href":"https:\/\/bonitabdo.pl\/index.php?rest_route=%2Fwp%2Fv2%2Fmedia&parent=13"}],"curies":[{"name":"wp","href":"https:\/\/api.w.org\/{rel}","templated":true}]}}